{"id":92,"date":"2022-12-23T11:51:51","date_gmt":"2022-12-23T15:51:51","guid":{"rendered":"https:\/\/aprenderfacil.cl\/?page_id=92"},"modified":"2024-04-25T22:14:24","modified_gmt":"2024-04-26T02:14:24","slug":"inicio","status":"publish","type":"page","link":"https:\/\/aprenderfacil.cl\/","title":{"rendered":"Inicio"},"content":{"rendered":"\n<div class=\"wp-block-columns is-layout-flex wp-container-core-columns-is-layout-1 wp-block-columns-is-layout-flex\">\n<div class=\"wp-block-column is-layout-flow wp-block-column-is-layout-flow\" style=\"flex-basis:33.33%\"><\/div>\n\n\n\n<div class=\"wp-block-column is-layout-flow wp-block-column-is-layout-flow\" style=\"flex-basis:66.66%\"><\/div>\n<\/div>\n\n\n\n<div class=\"wp-block-columns is-layout-flex wp-container-core-columns-is-layout-2 wp-block-columns-is-layout-flex\">\n<div class=\"wp-block-column is-layout-flow wp-block-column-is-layout-flow\" style=\"flex-basis:33.33%\">\n<p>Discere Capacitaciones SPA es una Organizaci\u00f3n T\u00e9cnica de Capacitaci\u00f3n (OTEC) l\u00edder que se destaca por su compromiso con la innovaci\u00f3n, la experiencia y el dinamismo en cada uno de sus servicios. Nos especializamos en la creaci\u00f3n y desarrollo de cursos de capacitaci\u00f3n de vanguardia, as\u00ed como en la asesor\u00eda e implementaci\u00f3n de Sistemas basados en la certificaci\u00f3n por la Norma Chilena 2728:2015 de Gesti\u00f3n de Calidad para Organismos T\u00e9cnicos de Capacitaci\u00f3n. <\/p>\n\n\n\n<p>Nuestra misi\u00f3n es ofrecer experiencias de aprendizaje \u00fanicas, donde la innovaci\u00f3n y la din\u00e1mica se fusionan para brindar resultados sobresalientes a nuestros clientes. <\/p>\n\n\n\n<p>Con un enfoque centrado en la excelencia, estamos comprometidos a proporcionar soluciones de capacitaci\u00f3n que impulsen el crecimiento y el \u00e9xito tanto individual como organizacional.<\/p>\n<\/div>\n\n\n\n<div class=\"wp-block-column is-layout-flow wp-block-column-is-layout-flow\" style=\"flex-basis:66.66%\">\n<figure class=\"wp-block-image size-large\"><img loading=\"lazy\" decoding=\"async\" width=\"1024\" height=\"676\" src=\"https:\/\/aprenderfacil.cl\/wp-content\/uploads\/2022\/12\/full-shot-student-learning-for-exam-1024x676.jpg\" alt=\"\" class=\"wp-image-118\" srcset=\"https:\/\/aprenderfacil.cl\/wp-content\/uploads\/2022\/12\/full-shot-student-learning-for-exam-1024x676.jpg 1024w, https:\/\/aprenderfacil.cl\/wp-content\/uploads\/2022\/12\/full-shot-student-learning-for-exam-300x198.jpg 300w, https:\/\/aprenderfacil.cl\/wp-content\/uploads\/2022\/12\/full-shot-student-learning-for-exam-768x507.jpg 768w, https:\/\/aprenderfacil.cl\/wp-content\/uploads\/2022\/12\/full-shot-student-learning-for-exam-1536x1014.jpg 1536w, https:\/\/aprenderfacil.cl\/wp-content\/uploads\/2022\/12\/full-shot-student-learning-for-exam-2048x1352.jpg 2048w\" sizes=\"(max-width: 1024px) 100vw, 1024px\" \/><\/figure>\n\n\n\n<h2 class=\"wp-block-heading\"><\/h2>\n<\/div>\n<\/div>\n\n\n\n<p>Prodesal &#8211; Parral<\/p>\n\n\n\n<hr class=\"wp-block-separator has-alpha-channel-opacity\"\/>\n\n\n\n<figure class=\"wp-block-gallery has-nested-images columns-default is-cropped wp-block-gallery-1 is-layout-flex wp-block-gallery-is-layout-flex\">\n<figure class=\"wp-block-image size-large\"><img loading=\"lazy\" decoding=\"async\" width=\"768\" height=\"1024\" data-id=\"139\" src=\"https:\/\/aprenderfacil.cl\/wp-content\/uploads\/2024\/04\/fp1-768x1024.jpg\" alt=\"\" class=\"wp-image-139\" srcset=\"https:\/\/aprenderfacil.cl\/wp-content\/uploads\/2024\/04\/fp1-768x1024.jpg 768w, https:\/\/aprenderfacil.cl\/wp-content\/uploads\/2024\/04\/fp1-225x300.jpg 225w, https:\/\/aprenderfacil.cl\/wp-content\/uploads\/2024\/04\/fp1-1152x1536.jpg 1152w, https:\/\/aprenderfacil.cl\/wp-content\/uploads\/2024\/04\/fp1-1536x2048.jpg 1536w, https:\/\/aprenderfacil.cl\/wp-content\/uploads\/2024\/04\/fp1-scaled.jpg 1920w\" sizes=\"(max-width: 768px) 100vw, 768px\" \/><\/figure>\n\n\n\n<figure class=\"wp-block-image size-large\"><img loading=\"lazy\" decoding=\"async\" width=\"1024\" height=\"768\" data-id=\"140\" src=\"https:\/\/aprenderfacil.cl\/wp-content\/uploads\/2024\/04\/fp2-1024x768.jpg\" alt=\"\" class=\"wp-image-140\" srcset=\"https:\/\/aprenderfacil.cl\/wp-content\/uploads\/2024\/04\/fp2-1024x768.jpg 1024w, https:\/\/aprenderfacil.cl\/wp-content\/uploads\/2024\/04\/fp2-300x225.jpg 300w, https:\/\/aprenderfacil.cl\/wp-content\/uploads\/2024\/04\/fp2-768x576.jpg 768w, https:\/\/aprenderfacil.cl\/wp-content\/uploads\/2024\/04\/fp2-1536x1152.jpg 1536w, https:\/\/aprenderfacil.cl\/wp-content\/uploads\/2024\/04\/fp2-2048x1536.jpg 2048w\" sizes=\"(max-width: 1024px) 100vw, 1024px\" \/><\/figure>\n\n\n\n<figure class=\"wp-block-image size-large\"><img loading=\"lazy\" decoding=\"async\" width=\"1024\" height=\"768\" data-id=\"138\" src=\"https:\/\/aprenderfacil.cl\/wp-content\/uploads\/2024\/04\/fp3-1024x768.jpg\" alt=\"\" class=\"wp-image-138\" srcset=\"https:\/\/aprenderfacil.cl\/wp-content\/uploads\/2024\/04\/fp3-1024x768.jpg 1024w, https:\/\/aprenderfacil.cl\/wp-content\/uploads\/2024\/04\/fp3-300x225.jpg 300w, https:\/\/aprenderfacil.cl\/wp-content\/uploads\/2024\/04\/fp3-768x576.jpg 768w, https:\/\/aprenderfacil.cl\/wp-content\/uploads\/2024\/04\/fp3-1536x1152.jpg 1536w, https:\/\/aprenderfacil.cl\/wp-content\/uploads\/2024\/04\/fp3-2048x1536.jpg 2048w\" sizes=\"(max-width: 1024px) 100vw, 1024px\" \/><\/figure>\n<\/figure>\n\n\n\n<p><\/p>\n\n\n\n<hr class=\"wp-block-separator has-alpha-channel-opacity\"\/>\n\n\n\n<p class=\"has-medium-font-size\">OTEC CrellCapacita a confiado en la creaci\u00f3n de nuestros cursos de capacitaci\u00f3n E-learning<\/p>\n\n\n\n<figure class=\"wp-block-image size-large is-resized\"><img loading=\"lazy\" decoding=\"async\" width=\"1024\" height=\"243\" src=\"https:\/\/aprenderfacil.cl\/wp-content\/uploads\/2022\/12\/20220809_120257-1024x243.jpg\" alt=\"\" class=\"wp-image-98\" style=\"width:393px;height:auto\" srcset=\"https:\/\/aprenderfacil.cl\/wp-content\/uploads\/2022\/12\/20220809_120257-1024x243.jpg 1024w, https:\/\/aprenderfacil.cl\/wp-content\/uploads\/2022\/12\/20220809_120257-300x71.jpg 300w, https:\/\/aprenderfacil.cl\/wp-content\/uploads\/2022\/12\/20220809_120257-768x182.jpg 768w, https:\/\/aprenderfacil.cl\/wp-content\/uploads\/2022\/12\/20220809_120257.jpg 1150w\" sizes=\"(max-width: 1024px) 100vw, 1024px\" \/><\/figure>\n","protected":false},"excerpt":{"rendered":"<p>Discere Capacitaciones SPA es una Organizaci\u00f3n T\u00e9cnica de Capacitaci\u00f3n (OTEC) l\u00edder que se destaca por su compromiso con la innovaci\u00f3n, la experiencia y el dinamismo&hellip;<\/p>\n","protected":false},"author":1,"featured_media":0,"parent":0,"menu_order":0,"comment_status":"closed","ping_status":"closed","template":"","meta":{"footnotes":""},"_links":{"self":[{"href":"https:\/\/aprenderfacil.cl\/index.php?rest_route=\/wp\/v2\/pages\/92"}],"collection":[{"href":"https:\/\/aprenderfacil.cl\/index.php?rest_route=\/wp\/v2\/pages"}],"about":[{"href":"https:\/\/aprenderfacil.cl\/index.php?rest_route=\/wp\/v2\/types\/page"}],"author":[{"embeddable":true,"href":"https:\/\/aprenderfacil.cl\/index.php?rest_route=\/wp\/v2\/users\/1"}],"replies":[{"embeddable":true,"href":"https:\/\/aprenderfacil.cl\/index.php?rest_route=%2Fwp%2Fv2%2Fcomments&post=92"}],"version-history":[{"count":16,"href":"https:\/\/aprenderfacil.cl\/index.php?rest_route=\/wp\/v2\/pages\/92\/revisions"}],"predecessor-version":[{"id":146,"href":"https:\/\/aprenderfacil.cl\/index.php?rest_route=\/wp\/v2\/pages\/92\/revisions\/146"}],"wp:attachment":[{"href":"https:\/\/aprenderfacil.cl\/index.php?rest_route=%2Fwp%2Fv2%2Fmedia&parent=92"}],"curies":[{"name":"wp","href":"https:\/\/api.w.org\/{rel}","templated":true}]}}