{"id":7,"date":"2021-04-11T21:27:23","date_gmt":"2021-04-12T00:27:23","guid":{"rendered":"https:\/\/aprenderfacil.cl\/?page_id=7"},"modified":"2024-04-26T00:18:29","modified_gmt":"2024-04-26T04:18:29","slug":"nosotros","status":"publish","type":"page","link":"https:\/\/aprenderfacil.cl\/?page_id=7","title":{"rendered":"Nosotros"},"content":{"rendered":"\n<p>Discere capacitaciones, es un Organismo T\u00e9cnico de Capacitaci\u00f3n (OTEC) y se ha destacado en tener un real compromiso con la productividad de nuestros clientes, con el objetivo de apoyar a sus trabajadores en las distintas \u00e1reas de la empresa.<\/p>\n\n\n\n<p>Discere capacitaciones ha generado cursos en el \u00e1rea inform\u00e1tica adentr\u00e1ndose \u00a0y fortaleciendo el desarrollo de nuevos conocimientos y habilidades de cada uno de sus colaboradores como prop\u00f3sito principal.<\/p>\n\n\n\n<p>Discere Capacitaciones, tiene como pol\u00edtica de calidad:<\/p>\n\n\n\n<ul>\n<li>Cumplir con los requisitos de nuestros clientes, legales y reglamentarios asociados al rubro.<\/li>\n\n\n\n<li>Entregar un servicio de capacitaci\u00f3n personalizado con el fin de asegurar el aprendizaje de nuestros alumnos.<\/li>\n\n\n\n<li>Mejorar continuamente la efectividad de los procesos que componen nuestro sistema de gesti\u00f3n de calidad<\/li>\n\n\n\n<li>Compromiso de cumplir con los requisitos del sistema de gesti\u00f3n<\/li>\n<\/ul>\n","protected":false},"excerpt":{"rendered":"<p>Discere capacitaciones, es un Organismo T\u00e9cnico de Capacitaci\u00f3n (OTEC) y se ha destacado en tener un real compromiso con la productividad de nuestros clientes, con&hellip;<\/p>\n","protected":false},"author":1,"featured_media":118,"parent":0,"menu_order":0,"comment_status":"closed","ping_status":"closed","template":"","meta":{"footnotes":""},"_links":{"self":[{"href":"https:\/\/aprenderfacil.cl\/index.php?rest_route=\/wp\/v2\/pages\/7"}],"collection":[{"href":"https:\/\/aprenderfacil.cl\/index.php?rest_route=\/wp\/v2\/pages"}],"about":[{"href":"https:\/\/aprenderfacil.cl\/index.php?rest_route=\/wp\/v2\/types\/page"}],"author":[{"embeddable":true,"href":"https:\/\/aprenderfacil.cl\/index.php?rest_route=\/wp\/v2\/users\/1"}],"replies":[{"embeddable":true,"href":"https:\/\/aprenderfacil.cl\/index.php?rest_route=%2Fwp%2Fv2%2Fcomments&post=7"}],"version-history":[{"count":11,"href":"https:\/\/aprenderfacil.cl\/index.php?rest_route=\/wp\/v2\/pages\/7\/revisions"}],"predecessor-version":[{"id":160,"href":"https:\/\/aprenderfacil.cl\/index.php?rest_route=\/wp\/v2\/pages\/7\/revisions\/160"}],"wp:featuredmedia":[{"embeddable":true,"href":"https:\/\/aprenderfacil.cl\/index.php?rest_route=\/wp\/v2\/media\/118"}],"wp:attachment":[{"href":"https:\/\/aprenderfacil.cl\/index.php?rest_route=%2Fwp%2Fv2%2Fmedia&parent=7"}],"curies":[{"name":"wp","href":"https:\/\/api.w.org\/{rel}","templated":true}]}}